{"id":1391,"date":"2021-08-17T17:06:11","date_gmt":"2021-08-17T17:06:11","guid":{"rendered":"http:\/\/appilseoliveira.com.br\/aplicativos\/?page_id=1391"},"modified":"2023-09-11T14:40:15","modified_gmt":"2023-09-11T14:40:15","slug":"pre-briefing","status":"publish","type":"page","link":"https:\/\/appilseoliveira.com.br\/aplicativos\/pre-briefing\/","title":{"rendered":"Pr\u00e9-Briefing"},"content":{"rendered":"<p style=\"text-align: center;\"><img loading=\"lazy\" class=\"alignnone size-full wp-image-1210\" src=\"http:\/\/appilseoliveira.com.br\/aplicativos\/wp-content\/uploads\/2021\/07\/logo-192.png\" alt=\"\" width=\"192\" height=\"192\" srcset=\"https:\/\/appilseoliveira.com.br\/aplicativos\/wp-content\/uploads\/2021\/07\/logo-192.png 192w, https:\/\/appilseoliveira.com.br\/aplicativos\/wp-content\/uploads\/2021\/07\/logo-192-150x150.png 150w\" sizes=\"(max-width: 192px) 100vw, 192px\" \/><\/p>\r\n\r\n\r\n\r\n\r\n\r\n\r\n\r\n<p style=\"text-align: center;\">Com o Pr\u00e9-briefing vamos entender melhor a sua empresa e o que voc\u00ea deseja.<\/p>\r\n<p style=\"text-align: center;\"><br \/>\u00c9 necess\u00e1rio que voc\u00ea responda de forma r\u00e1pida e simples as perguntas para podermos agilizar ao m\u00e1ximo o nosso contato. O or\u00e7amento dos servi\u00e7os a serem apresentados, depender\u00e1 de suas respostas e do seu objetivo principal \/ final.<\/p>\r\n<p>&nbsp;<\/p>\r\n<p style=\"text-align: center;\"><div id=\"multi-step-form\" class=\"fw-wizard\" data-stepCount=\"2\" data-wizardid=\"4\">\n    <div class=\"fw-wizard-step-header-container\">\n        <div class=\"fw-container\" data-redirect=\"\">\n                <div class=\"fw-wizard-step-header\" data-stepId=\"0\">\n            <h2><\/h2>\n            <p class=\"fw-copytext\"><\/p>\n        <\/div>\n                <div class=\"fw-wizard-step-header\" data-stepId=\"1\">\n            <h2>SERVI\u00c7OS<\/h2>\n            <p class=\"fw-copytext\"><\/p>\n        <\/div>\n                <\/div>\n    <\/div>\n    <div class=\"fw-progress-bar-container \">\n        <div class=\"fw-container\">\n    <div class=\"fw-progress-wrap\">\n    <ul class=\"fw-progress-bar\"\n        data-activecolor=\"#546e7a\"\n        data-donecolor=\"#4caf50\"\n        data-nextcolor=\"#aaa\"\n        data-buttoncolor=\"#546e7a\">\n                <li class=\"fw-progress-step\"\n            data-id=\"0\">\n            <span class=\"fw-progress-bar-bar\"><\/span>\n            <span class=\"fw-txt-ellipsis\" data-title=\"PR\u00c9-BRIEFING\">PR\u00c9-BRIEFING<\/span>\n                    <\/li>\n                    <li class=\"fw-progress-step\"\n            data-id=\"1\">\n            <span class=\"fw-progress-bar-bar\"><\/span>\n            <span class=\"fw-txt-ellipsis\" data-title=\"SERVI\u00c7OS\">SERVI\u00c7OS<\/span>\n                    <\/li>\n                <\/ul>\n<\/div>\n        <\/div>\n    <\/div>\n    <div class=\"fw-wizard-step-container\">\n        <div class=\"fw-container\">\n                    <div class=\"fw-wizard-step\" data-stepId=\"0\">\n                <div class=\"fw-step-part \" data-partId=\"0\">\n\t<h2 class=\"fw-step-part-title \">\n\t\t\tSOBRE A SUA EMPRESA\t<\/h2>\n\t<div class=\"fw-clearfix\"><\/div>\n\t<div class=\"fw-step-part-body\">\n\t\t\t\t\t\t\t\t\t<div class=\"fw-step-block\" data-blockId=\"4\" data-type=\"fw-text\" data-required=\"false\">\n\t\t\t<div class=\"fw-input-container\">\n\t\t\t\t<h3>Nome da Empresa<\/h3>\n\t\t\t\t<input \n\t\t\t\t\ttype=\"text\" \n\t\t\t\t\tclass=\"fw-text-input\" \n\t\t\t\t\tid=\"msf-text-nome-da-empresa\"\n\t\t\t\t\tdata-id=\"text\">\n\t\t\t\t<span class=\"fa fa-pencil form-control-feedback\" aria-hidden=\"true\"><\/span>\n\t\t\t<\/div>\n\t\t\t<div class=\"fw-clearfix\"><\/div>\n\t\t<\/div>\n\t\t\t\t\t\t\t\t\t\t\t<div class=\"fw-step-block\" data-blockId=\"4\" data-type=\"fw-text\" data-required=\"false\">\n\t\t\t<div class=\"fw-input-container\">\n\t\t\t\t<h3>Localiza\u00e7\u00e3o<\/h3>\n\t\t\t\t<input \n\t\t\t\t\ttype=\"text\" \n\t\t\t\t\tclass=\"fw-text-input\" \n\t\t\t\t\tid=\"msf-text-localiza\u00e7\u00e3o\"\n\t\t\t\t\tdata-id=\"text\">\n\t\t\t\t<span class=\"fa fa-pencil form-control-feedback\" aria-hidden=\"true\"><\/span>\n\t\t\t<\/div>\n\t\t\t<div class=\"fw-clearfix\"><\/div>\n\t\t<\/div>\n\t\t\t\t\t\t\t\t\t\t\t<div class=\"fw-step-block\" data-blockId=\"4\" data-type=\"fw-text\" data-required=\"false\">\n\t\t\t<div class=\"fw-input-container\">\n\t\t\t\t<h3>Seu Nome<\/h3>\n\t\t\t\t<input \n\t\t\t\t\ttype=\"text\" \n\t\t\t\t\tclass=\"fw-text-input\" \n\t\t\t\t\tid=\"msf-text-seu-nome\"\n\t\t\t\t\tdata-id=\"text\">\n\t\t\t\t<span class=\"fa fa-pencil form-control-feedback\" aria-hidden=\"true\"><\/span>\n\t\t\t<\/div>\n\t\t\t<div class=\"fw-clearfix\"><\/div>\n\t\t<\/div>\n\t\t\t\t\t\t\t\t\t\t\t<div class=\"fw-step-block\" data-blockId=\"4\" data-type=\"fw-text\" data-required=\"false\">\n\t\t\t<div class=\"fw-input-container\">\n\t\t\t\t<h3>Email para contato<\/h3>\n\t\t\t\t<input \n\t\t\t\t\ttype=\"text\" \n\t\t\t\t\tclass=\"fw-text-input\" \n\t\t\t\t\tid=\"msf-text-email-para-contato\"\n\t\t\t\t\tdata-id=\"text\">\n\t\t\t\t<span class=\"fa fa-pencil form-control-feedback\" aria-hidden=\"true\"><\/span>\n\t\t\t<\/div>\n\t\t\t<div class=\"fw-clearfix\"><\/div>\n\t\t<\/div>\n\t\t\t\t\t\t\t\t\t\t\t<div class=\"fw-step-block\" data-blockId=\"4\" data-type=\"fw-text\" data-required=\"false\">\n\t\t\t<div class=\"fw-input-container\">\n\t\t\t\t<h3>WhatsApp para contato<\/h3>\n\t\t\t\t<input \n\t\t\t\t\ttype=\"text\" \n\t\t\t\t\tclass=\"fw-text-input\" \n\t\t\t\t\tid=\"msf-text-whatsapp-para-contato\"\n\t\t\t\t\tdata-id=\"text\">\n\t\t\t\t<span class=\"fa fa-pencil form-control-feedback\" aria-hidden=\"true\"><\/span>\n\t\t\t<\/div>\n\t\t\t<div class=\"fw-clearfix\"><\/div>\n\t\t<\/div>\n\t\t\t\t\t\t\t\t\t\t\t<div class=\"fw-step-block\" data-blockId=\"4\" data-type=\"fw-text\" data-required=\"false\">\n\t\t\t<div class=\"fw-input-container\">\n\t\t\t\t<h3>Segmento de Atua\u00e7\u00e3o<\/h3>\n\t\t\t\t<input \n\t\t\t\t\ttype=\"text\" \n\t\t\t\t\tclass=\"fw-text-input\" \n\t\t\t\t\tid=\"msf-text-segmento-de-atua\u00e7\u00e3o\"\n\t\t\t\t\tdata-id=\"text\">\n\t\t\t\t<span class=\"fa fa-pencil form-control-feedback\" aria-hidden=\"true\"><\/span>\n\t\t\t<\/div>\n\t\t\t<div class=\"fw-clearfix\"><\/div>\n\t\t<\/div>\n\t\t\t\t\t\t\t\t\t\t\t<div class=\"fw-step-block\" data-blockId=\"4\" data-type=\"fw-text\" data-required=\"false\">\n\t\t\t<div class=\"fw-input-container\">\n\t\t\t\t<h3>Servi\u00e7o ou Produto ofertado<\/h3>\n\t\t\t\t<input \n\t\t\t\t\ttype=\"text\" \n\t\t\t\t\tclass=\"fw-text-input\" \n\t\t\t\t\tid=\"msf-text-servi\u00e7o-ou-produto-ofertado\"\n\t\t\t\t\tdata-id=\"text\">\n\t\t\t\t<span class=\"fa fa-pencil form-control-feedback\" aria-hidden=\"true\"><\/span>\n\t\t\t<\/div>\n\t\t\t<div class=\"fw-clearfix\"><\/div>\n\t\t<\/div>\n\t\t\t\t\t\t\t\t\t\t\t<div class=\"fw-step-block\" data-blockId=\"4\" data-type=\"fw-text\" data-required=\"false\">\n\t\t\t<div class=\"fw-input-container\">\n\t\t\t\t<h3>O que melhor descreve sua atividade<\/h3>\n\t\t\t\t<input \n\t\t\t\t\ttype=\"text\" \n\t\t\t\t\tclass=\"fw-text-input\" \n\t\t\t\t\tid=\"msf-text-o-que-melhor-descreve-sua-atividade\"\n\t\t\t\t\tdata-id=\"text\">\n\t\t\t\t<span class=\"fa fa-pencil form-control-feedback\" aria-hidden=\"true\"><\/span>\n\t\t\t<\/div>\n\t\t\t<div class=\"fw-clearfix\"><\/div>\n\t\t<\/div>\n\t\t\t\t\t\t\t\t\t\t\t<div class=\"fw-step-block\" data-blockId=\"4\" data-type=\"fw-text\" data-required=\"false\">\n\t\t\t<div class=\"fw-input-container\">\n\t\t\t\t<h3>P\u00fablico-Alvo<\/h3>\n\t\t\t\t<input \n\t\t\t\t\ttype=\"text\" \n\t\t\t\t\tclass=\"fw-text-input\" \n\t\t\t\t\tid=\"msf-text-p\u00fablico-alvo\"\n\t\t\t\t\tdata-id=\"text\">\n\t\t\t\t<span class=\"fa fa-pencil form-control-feedback\" aria-hidden=\"true\"><\/span>\n\t\t\t<\/div>\n\t\t\t<div class=\"fw-clearfix\"><\/div>\n\t\t<\/div>\n\t\t\t\t\t\t\t\t\t\t\t<div class=\"fw-step-block\" data-blockId=\"4\" data-type=\"fw-radio\" data-required=\"false\">\n\t\t\t\t\t\t\t\t<h3>Onde voc\u00ea quer divulgar o seu produto ou servi\u00e7o?<\/h3>\n\t\t\t\t\t\t\t\t\t\t<span class=\"fw-choice fw-radio-row\">\n\t\t\t\t\t\t<input id=\"fw-4-0-0-9-1\" type=\"radio\" name=\"fw-4-0-0-9\" class=\"fw-radio\" data-id=\"1\">\n\t\t\t\t\t\t<label for=\"fw-4-0-0-9-1\" data-labelId=\"1\">Site<\/label>\n\t\t\t\t\t<\/span>\n\t\t\t\t\t\t\t\t\t\t<span class=\"fw-choice fw-radio-row\">\n\t\t\t\t\t\t<input id=\"fw-4-0-0-9-2\" type=\"radio\" name=\"fw-4-0-0-9\" class=\"fw-radio\" data-id=\"2\">\n\t\t\t\t\t\t<label for=\"fw-4-0-0-9-2\" data-labelId=\"2\">Cat\u00e1logo Virtual<\/label>\n\t\t\t\t\t<\/span>\n\t\t\t\t\t\t\t\t\t\t<span class=\"fw-choice fw-radio-row\">\n\t\t\t\t\t\t<input id=\"fw-4-0-0-9-3\" type=\"radio\" name=\"fw-4-0-0-9\" class=\"fw-radio\" data-id=\"3\">\n\t\t\t\t\t\t<label for=\"fw-4-0-0-9-3\" data-labelId=\"3\">Redes sociais<\/label>\n\t\t\t\t\t<\/span>\n\t\t\t\t\t\t\t\t\t\t<span class=\"fw-choice fw-radio-row\">\n\t\t\t\t\t\t<input id=\"fw-4-0-0-9-4\" type=\"radio\" name=\"fw-4-0-0-9\" class=\"fw-radio\" data-id=\"4\">\n\t\t\t\t\t\t<label for=\"fw-4-0-0-9-4\" data-labelId=\"4\">Presencialmente<\/label>\n\t\t\t\t\t<\/span>\n\t\t\t\t\t\t\t\t\t\t<span class=\"fw-choice fw-radio-row\">\n\t\t\t\t\t\t<input id=\"fw-4-0-0-9-5\" type=\"radio\" name=\"fw-4-0-0-9\" class=\"fw-radio\" data-id=\"5\">\n\t\t\t\t\t\t<label for=\"fw-4-0-0-9-5\" data-labelId=\"5\">Outros<\/label>\n\t\t\t\t\t<\/span>\n\t\t\t\t\t\t\t<\/div>\n\t\t\t\t\t\t\t\t\t\t\t<div class=\"fw-step-block\" data-blockId=\"4\" data-type=\"fw-text\" data-required=\"false\">\n\t\t\t<div class=\"fw-input-container\">\n\t\t\t\t<h3>Informe outros<\/h3>\n\t\t\t\t<input \n\t\t\t\t\ttype=\"text\" \n\t\t\t\t\tclass=\"fw-text-input\" \n\t\t\t\t\tid=\"msf-text-informe-outros\"\n\t\t\t\t\tdata-id=\"text\">\n\t\t\t\t<span class=\"fa fa-pencil form-control-feedback\" aria-hidden=\"true\"><\/span>\n\t\t\t<\/div>\n\t\t\t<div class=\"fw-clearfix\"><\/div>\n\t\t<\/div>\n\t\t\t\t\t\t\t\t\t\t\t<div class=\"fw-step-block\" data-blockId=\"4\" data-type=\"fw-textarea\" data-required=\"false\">\n\t\t\t<div class=\"fw-input-container\">\n\t\t\t\t<h3>Principais Concorrentes. Se poss\u00edvel, informe alguns links.<\/h3>\n\t\t\t\t<textarea \n\t\t\t\t\tclass=\"fw-textarea\"\n\t\t\t\t\tid=\"msf-textarea-principais-concorrentes.-se-poss\u00edvel,-informe-alguns-links.\"\n\t\t\t\t\tdata-id=\"textarea\"><\/textarea>\n\t\t\t\t<span class=\"fa fa-pencil t-area form-control-feedback\" aria-hidden=\"true\"><\/span>\n\t\t\t<\/div>\n\t\t\t<div class=\"fw-clearfix\"><\/div>\n\t\t<\/div>\n\t\t\t\t\t\t\t\t\t\t\t<div class=\"fw-step-block\" data-blockId=\"4\" data-type=\"fw-radio\" data-required=\"false\">\n\t\t\t\t\t\t\t\t<h3>Como nos achou?<\/h3>\n\t\t\t\t\t\t\t\t\t\t<span class=\"fw-choice fw-radio-row\">\n\t\t\t\t\t\t<input id=\"fw-4-0-0-12-1\" type=\"radio\" name=\"fw-4-0-0-12\" class=\"fw-radio\" data-id=\"1\">\n\t\t\t\t\t\t<label for=\"fw-4-0-0-12-1\" data-labelId=\"1\">1 - Indica\u00e7\u00e3o de amigos<\/label>\n\t\t\t\t\t<\/span>\n\t\t\t\t\t\t\t\t\t\t<span class=\"fw-choice fw-radio-row\">\n\t\t\t\t\t\t<input id=\"fw-4-0-0-12-2\" type=\"radio\" name=\"fw-4-0-0-12\" class=\"fw-radio\" data-id=\"2\">\n\t\t\t\t\t\t<label for=\"fw-4-0-0-12-2\" data-labelId=\"2\">2 - Instagram<\/label>\n\t\t\t\t\t<\/span>\n\t\t\t\t\t\t\t\t\t\t<span class=\"fw-choice fw-radio-row\">\n\t\t\t\t\t\t<input id=\"fw-4-0-0-12-3\" type=\"radio\" name=\"fw-4-0-0-12\" class=\"fw-radio\" data-id=\"3\">\n\t\t\t\t\t\t<label for=\"fw-4-0-0-12-3\" data-labelId=\"3\">3 - Facebook<\/label>\n\t\t\t\t\t<\/span>\n\t\t\t\t\t\t\t\t\t\t<span class=\"fw-choice fw-radio-row\">\n\t\t\t\t\t\t<input id=\"fw-4-0-0-12-4\" type=\"radio\" name=\"fw-4-0-0-12\" class=\"fw-radio\" data-id=\"4\">\n\t\t\t\t\t\t<label for=\"fw-4-0-0-12-4\" data-labelId=\"4\">4 - Google<\/label>\n\t\t\t\t\t<\/span>\n\t\t\t\t\t\t\t\t\t\t<span class=\"fw-choice fw-radio-row\">\n\t\t\t\t\t\t<input id=\"fw-4-0-0-12-5\" type=\"radio\" name=\"fw-4-0-0-12\" class=\"fw-radio\" data-id=\"5\">\n\t\t\t\t\t\t<label for=\"fw-4-0-0-12-5\" data-labelId=\"5\">5 - Outros<\/label>\n\t\t\t\t\t<\/span>\n\t\t\t\t\t\t\t<\/div>\n\t\t\t\t\t\t\t\t\t\t\t<div class=\"fw-step-block\" data-blockId=\"4\" data-type=\"fw-text\" data-required=\"false\">\n\t\t\t<div class=\"fw-input-container\">\n\t\t\t\t<h3>Informe<\/h3>\n\t\t\t\t<input \n\t\t\t\t\ttype=\"text\" \n\t\t\t\t\tclass=\"fw-text-input\" \n\t\t\t\t\tid=\"msf-text-informe\"\n\t\t\t\t\tdata-id=\"text\">\n\t\t\t\t<span class=\"fa fa-pencil form-control-feedback\" aria-hidden=\"true\"><\/span>\n\t\t\t<\/div>\n\t\t\t<div class=\"fw-clearfix\"><\/div>\n\t\t<\/div>\n\t\t\t\t\t\t<\/div>\n<\/div>\n\t\t\t                <div class=\"fw-clearfix\"><\/div>\n            <\/div>\n                        <div class=\"fw-wizard-step\" data-stepId=\"1\">\n                <div class=\"fw-step-part \" data-partId=\"0\">\n\t<h2 class=\"fw-step-part-title \">\n\t\t\tSERVI\u00c7OS DE INTERESSE\t<\/h2>\n\t<div class=\"fw-clearfix\"><\/div>\n\t<div class=\"fw-step-part-body\">\n\t\t\t\t\t\t\t\t\t<div class=\"fw-step-block\" data-blockId=\"4\" data-type=\"fw-radio\" data-required=\"false\">\n\t\t\t\t\t\t\t\t<h3>Servi\u00e7os que deseja adquirir<\/h3>\n\t\t\t\t\t\t\t\t\t\t<div class=\"fw-choice fw-input-container\" data-type=\"fw-checkbox\">\n\t\t\t\t\t\t<input id=\"fw-4-1-0-0-1\" type=\"checkbox\" class=\"fw-checkbox\" name=\"fw-4-1-0-0\" data-id=\"1\">\n\t\t\t\t\t\t<label for=\"fw-4-1-0-0-1\" data-labelId=\"1\">M\u00eddia Impressa - Artes Gr\u00e1ficas<\/label>\n\t\t\t\t\t<\/div>\n\t\t\t\t\t\t\t\t\t\t<div class=\"fw-choice fw-input-container\" data-type=\"fw-checkbox\">\n\t\t\t\t\t\t<input id=\"fw-4-1-0-0-2\" type=\"checkbox\" class=\"fw-checkbox\" name=\"fw-4-1-0-0\" data-id=\"2\">\n\t\t\t\t\t\t<label for=\"fw-4-1-0-0-2\" data-labelId=\"2\">Artes para M\u00eddias Digitais<\/label>\n\t\t\t\t\t<\/div>\n\t\t\t\t\t\t\t\t\t\t<div class=\"fw-choice fw-input-container\" data-type=\"fw-checkbox\">\n\t\t\t\t\t\t<input id=\"fw-4-1-0-0-3\" type=\"checkbox\" class=\"fw-checkbox\" name=\"fw-4-1-0-0\" data-id=\"3\">\n\t\t\t\t\t\t<label for=\"fw-4-1-0-0-3\" data-labelId=\"3\">Aplicativos M\u00f3veis<\/label>\n\t\t\t\t\t<\/div>\n\t\t\t\t\t\t\t\t\t\t<div class=\"fw-choice fw-input-container\" data-type=\"fw-checkbox\">\n\t\t\t\t\t\t<input id=\"fw-4-1-0-0-4\" type=\"checkbox\" class=\"fw-checkbox\" name=\"fw-4-1-0-0\" data-id=\"4\">\n\t\t\t\t\t\t<label for=\"fw-4-1-0-0-4\" data-labelId=\"4\">Site Responsivo<\/label>\n\t\t\t\t\t<\/div>\n\t\t\t\t\t\t\t\t\t\t<div class=\"fw-choice fw-input-container\" data-type=\"fw-checkbox\">\n\t\t\t\t\t\t<input id=\"fw-4-1-0-0-5\" type=\"checkbox\" class=\"fw-checkbox\" name=\"fw-4-1-0-0\" data-id=\"5\">\n\t\t\t\t\t\t<label for=\"fw-4-1-0-0-5\" data-labelId=\"5\"> Manuten\u00e7\u00e3o e Hospedagem<\/label>\n\t\t\t\t\t<\/div>\n\t\t\t\t\t\t\t\t\t\t<div class=\"fw-choice fw-input-container\" data-type=\"fw-checkbox\">\n\t\t\t\t\t\t<input id=\"fw-4-1-0-0-6\" type=\"checkbox\" class=\"fw-checkbox\" name=\"fw-4-1-0-0\" data-id=\"6\">\n\t\t\t\t\t\t<label for=\"fw-4-1-0-0-6\" data-labelId=\"6\">Cat\u00e1logos Digitais<\/label>\n\t\t\t\t\t<\/div>\n\t\t\t\t\t\t\t\t\t\t<div class=\"fw-choice fw-input-container\" data-type=\"fw-checkbox\">\n\t\t\t\t\t\t<input id=\"fw-4-1-0-0-7\" type=\"checkbox\" class=\"fw-checkbox\" name=\"fw-4-1-0-0\" data-id=\"7\">\n\t\t\t\t\t\t<label for=\"fw-4-1-0-0-7\" data-labelId=\"7\">Cart\u00f5es Digitais<\/label>\n\t\t\t\t\t<\/div>\n\t\t\t\t\t\t\t\t\t\t<div class=\"fw-choice fw-input-container\" data-type=\"fw-checkbox\">\n\t\t\t\t\t\t<input id=\"fw-4-1-0-0-8\" type=\"checkbox\" class=\"fw-checkbox\" name=\"fw-4-1-0-0\" data-id=\"8\">\n\t\t\t\t\t\t<label for=\"fw-4-1-0-0-8\" data-labelId=\"8\">Card\u00e1pio Digital<\/label>\n\t\t\t\t\t<\/div>\n\t\t\t\t\t\t\t\t\t\t<div class=\"fw-choice fw-input-container\" data-type=\"fw-checkbox\">\n\t\t\t\t\t\t<input id=\"fw-4-1-0-0-9\" type=\"checkbox\" class=\"fw-checkbox\" name=\"fw-4-1-0-0\" data-id=\"9\">\n\t\t\t\t\t\t<label for=\"fw-4-1-0-0-9\" data-labelId=\"9\">Logomarca<\/label>\n\t\t\t\t\t<\/div>\n\t\t\t\t\t\t\t\t\t\t<div class=\"fw-choice fw-input-container\" data-type=\"fw-checkbox\">\n\t\t\t\t\t\t<input id=\"fw-4-1-0-0-10\" type=\"checkbox\" class=\"fw-checkbox\" name=\"fw-4-1-0-0\" data-id=\"10\">\n\t\t\t\t\t\t<label for=\"fw-4-1-0-0-10\" data-labelId=\"10\">Edi\u00e7\u00e3o\/Produ\u00e7\u00e3o de V\u00eddeo<\/label>\n\t\t\t\t\t<\/div>\n\t\t\t\t\t\t\t\t\t\t<div class=\"fw-choice fw-input-container\" data-type=\"fw-checkbox\">\n\t\t\t\t\t\t<input id=\"fw-4-1-0-0-11\" type=\"checkbox\" class=\"fw-checkbox\" name=\"fw-4-1-0-0\" data-id=\"11\">\n\t\t\t\t\t\t<label for=\"fw-4-1-0-0-11\" data-labelId=\"11\">Gest\u00e3o de Tr\u00e1fego Pago<\/label>\n\t\t\t\t\t<\/div>\n\t\t\t\t\t\t\t\t\t\t<div class=\"fw-choice fw-input-container\" data-type=\"fw-checkbox\">\n\t\t\t\t\t\t<input id=\"fw-4-1-0-0-12\" type=\"checkbox\" class=\"fw-checkbox\" name=\"fw-4-1-0-0\" data-id=\"12\">\n\t\t\t\t\t\t<label for=\"fw-4-1-0-0-12\" data-labelId=\"12\">Nome para Empresa<\/label>\n\t\t\t\t\t<\/div>\n\t\t\t\t\t\t\t\t\t\t<div class=\"fw-choice fw-input-container\" data-type=\"fw-checkbox\">\n\t\t\t\t\t\t<input id=\"fw-4-1-0-0-13\" type=\"checkbox\" class=\"fw-checkbox\" name=\"fw-4-1-0-0\" data-id=\"13\">\n\t\t\t\t\t\t<label for=\"fw-4-1-0-0-13\" data-labelId=\"13\">E-mail Profissional<\/label>\n\t\t\t\t\t<\/div>\n\t\t\t\t\t\t\t\t\t\t<div class=\"fw-choice fw-input-container\" data-type=\"fw-checkbox\">\n\t\t\t\t\t\t<input id=\"fw-4-1-0-0-14\" type=\"checkbox\" class=\"fw-checkbox\" name=\"fw-4-1-0-0\" data-id=\"14\">\n\t\t\t\t\t\t<label for=\"fw-4-1-0-0-14\" data-labelId=\"14\">Linkedin Profissional<\/label>\n\t\t\t\t\t<\/div>\n\t\t\t\t\t\t\t\t\t\t<div class=\"fw-choice fw-input-container\" data-type=\"fw-checkbox\">\n\t\t\t\t\t\t<input id=\"fw-4-1-0-0-15\" type=\"checkbox\" class=\"fw-checkbox\" name=\"fw-4-1-0-0\" data-id=\"15\">\n\t\t\t\t\t\t<label for=\"fw-4-1-0-0-15\" data-labelId=\"15\">Inclus\u00e3o no Google <\/label>\n\t\t\t\t\t<\/div>\n\t\t\t\t\t\t\t\t\t\t<div class=\"fw-choice fw-input-container\" data-type=\"fw-checkbox\">\n\t\t\t\t\t\t<input id=\"fw-4-1-0-0-16\" type=\"checkbox\" class=\"fw-checkbox\" name=\"fw-4-1-0-0\" data-id=\"16\">\n\t\t\t\t\t\t<label for=\"fw-4-1-0-0-16\" data-labelId=\"16\">Instagram e Facebook<\/label>\n\t\t\t\t\t<\/div>\n\t\t\t\t\t\t\t\t\t\t<div class=\"fw-choice fw-input-container\" data-type=\"fw-checkbox\">\n\t\t\t\t\t\t<input id=\"fw-4-1-0-0-17\" type=\"checkbox\" class=\"fw-checkbox\" name=\"fw-4-1-0-0\" data-id=\"17\">\n\t\t\t\t\t\t<label for=\"fw-4-1-0-0-17\" data-labelId=\"17\">Outros<\/label>\n\t\t\t\t\t<\/div>\n\t\t\t\t\t\t\t<\/div>\n\t\t\t\t\t\t\t\t\t\t\t<div class=\"fw-step-block\" data-blockId=\"4\" data-type=\"fw-text\" data-required=\"false\">\n\t\t\t<div class=\"fw-input-container\">\n\t\t\t\t<h3>Informe Outros<\/h3>\n\t\t\t\t<input \n\t\t\t\t\ttype=\"text\" \n\t\t\t\t\tclass=\"fw-text-input\" \n\t\t\t\t\tid=\"msf-text-informe-outros\"\n\t\t\t\t\tdata-id=\"text\">\n\t\t\t\t<span class=\"fa fa-pencil form-control-feedback\" aria-hidden=\"true\"><\/span>\n\t\t\t<\/div>\n\t\t\t<div class=\"fw-clearfix\"><\/div>\n\t\t<\/div>\n\t\t\t\t\t\t\t\t\t\t\t<div class=\"fw-step-block\" data-blockId=\"4\" data-type=\"fw-radio\" data-required=\"false\">\n\t\t\t\t\t\t\t\t<h3>Qual Plano deseja para este Or\u00e7amento<\/h3>\n\t\t\t\t\t\t\t\t\t\t<span class=\"fw-choice fw-radio-row\">\n\t\t\t\t\t\t<input id=\"fw-4-1-0-2-1\" type=\"radio\" name=\"fw-4-1-0-2\" class=\"fw-radio\" data-id=\"1\">\n\t\t\t\t\t\t<label for=\"fw-4-1-0-2-1\" data-labelId=\"1\">Mensal (Pre\u00e7os promocionais)<\/label>\n\t\t\t\t\t<\/span>\n\t\t\t\t\t\t\t\t\t\t<span class=\"fw-choice fw-radio-row\">\n\t\t\t\t\t\t<input id=\"fw-4-1-0-2-2\" type=\"radio\" name=\"fw-4-1-0-2\" class=\"fw-radio\" data-id=\"2\">\n\t\t\t\t\t\t<label for=\"fw-4-1-0-2-2\" data-labelId=\"2\">Por Produto (individual)<\/label>\n\t\t\t\t\t<\/span>\n\t\t\t\t\t\t\t<\/div>\n\t\t\t\t\t\t\t\t\t\t\t<div class=\"fw-step-block\" data-blockId=\"4\" data-type=\"fw-textarea\" data-required=\"false\">\n\t\t\t<div class=\"fw-input-container\">\n\t\t\t\t<h3>D\u00favidas e Sugest\u00f5es<\/h3>\n\t\t\t\t<textarea \n\t\t\t\t\tclass=\"fw-textarea\"\n\t\t\t\t\tid=\"msf-textarea-d\u00favidas-e-sugest\u00f5es\"\n\t\t\t\t\tdata-id=\"textarea\"><\/textarea>\n\t\t\t\t<span class=\"fa fa-pencil t-area form-control-feedback\" aria-hidden=\"true\"><\/span>\n\t\t\t<\/div>\n\t\t\t<div class=\"fw-clearfix\"><\/div>\n\t\t<\/div>\n\t\t\t\t\t\t<\/div>\n<\/div>\n\t\t\t                        <div class=\"fw-summary-container\">\n                            <button type=\"button\" class=\"fw-toggle-summary\">MOSTRAR RESUMO<\/button>\n                            <div id=\"wizard-summary\" class=\"fw-wizard-summary\" style=\"display:none;\" data-showsummary=\"on\">\n                            <div class=\"fw-summary-alert\">Alguns campos obrigat\u00f3rios est\u00e3o vazios<br>Verifique os campos assinalados.<\/div>\n                            <\/div>\n                        <\/div>\n                                            <button type=\"button\" class=\"fw-btn-submit\">Enviar<\/button>\n                                <div class=\"fw-clearfix\"><\/div>\n            <\/div>\n                    <\/div>\n    <\/div>\n        <div class=\"fw-wizard-button-container\">\n        <div class=\"fw-container\">\n            <div class=\"fw-wizard-buttons\">\n                <button class=\"fw-button-previous\"><i class=\"fa fa-arrow-circle-left\" aria-hidden=\"true\"><\/i> &nbsp;Etapa anterior<\/button>\n                <button class=\"fw-button-next\">Pr\u00f3xima etapa &nbsp;<i class=\"fa fa-arrow-circle-right\" aria-hidden=\"true\"><\/i><\/button>\n            <\/div>\n        <\/div>\n    <\/div>\n        <div class=\"fw-alert-user\" style=\"display:none;\"><\/div>\n<\/div>\n<\/p>\r\n\r\n<p>&nbsp;<\/p>","protected":false},"excerpt":{"rendered":"<p>&nbsp;<\/p>\n","protected":false},"author":1,"featured_media":0,"parent":0,"menu_order":0,"comment_status":"closed","ping_status":"closed","template":"","meta":[],"aioseo_notices":[],"_links":{"self":[{"href":"https:\/\/appilseoliveira.com.br\/aplicativos\/wp-json\/wp\/v2\/pages\/1391"}],"collection":[{"href":"https:\/\/appilseoliveira.com.br\/aplicativos\/wp-json\/wp\/v2\/pages"}],"about":[{"href":"https:\/\/appilseoliveira.com.br\/aplicativos\/wp-json\/wp\/v2\/types\/page"}],"author":[{"embeddable":true,"href":"https:\/\/appilseoliveira.com.br\/aplicativos\/wp-json\/wp\/v2\/users\/1"}],"replies":[{"embeddable":true,"href":"https:\/\/appilseoliveira.com.br\/aplicativos\/wp-json\/wp\/v2\/comments?post=1391"}],"version-history":[{"count":25,"href":"https:\/\/appilseoliveira.com.br\/aplicativos\/wp-json\/wp\/v2\/pages\/1391\/revisions"}],"predecessor-version":[{"id":1671,"href":"https:\/\/appilseoliveira.com.br\/aplicativos\/wp-json\/wp\/v2\/pages\/1391\/revisions\/1671"}],"wp:attachment":[{"href":"https:\/\/appilseoliveira.com.br\/aplicativos\/wp-json\/wp\/v2\/media?parent=1391"}],"curies":[{"name":"wp","href":"https:\/\/api.w.org\/{rel}","templated":true}]}}